{"id":832,"date":"2023-07-18T18:06:32","date_gmt":"2023-07-18T18:06:32","guid":{"rendered":"http:\/\/s552281079.online.de\/?page_id=832"},"modified":"2023-07-19T06:32:49","modified_gmt":"2023-07-19T06:32:49","slug":"vita","status":"publish","type":"page","link":"https:\/\/nicole-berthold.de\/?page_id=832","title":{"rendered":"Vita"},"content":{"rendered":"\t\t<div data-elementor-type=\"wp-page\" data-elementor-id=\"832\" class=\"elementor elementor-832\">\n\t\t\t\t\t\t<section class=\"elementor-section elementor-top-section elementor-element elementor-element-6f8911c elementor-section-boxed elementor-section-height-default elementor-section-height-default\" data-id=\"6f8911c\" data-element_type=\"section\" data-e-type=\"section\">\n\t\t\t\t\t\t<div class=\"elementor-container elementor-column-gap-default\">\n\t\t\t\t\t<div class=\"elementor-column elementor-col-100 elementor-top-column elementor-element elementor-element-930bb07\" data-id=\"930bb07\" data-element_type=\"column\" data-e-type=\"column\">\n\t\t\t<div class=\"elementor-widget-wrap elementor-element-populated\">\n\t\t\t\t\t\t<div class=\"elementor-element elementor-element-0c95c7d elementor-widget elementor-widget-image\" data-id=\"0c95c7d\" data-element_type=\"widget\" data-e-type=\"widget\" data-widget_type=\"image.default\">\n\t\t\t\t<div class=\"elementor-widget-container\">\n\t\t\t\t\t\t\t\t\t\t\t\t\t\t\t<img fetchpriority=\"high\" decoding=\"async\" width=\"720\" height=\"380\" src=\"https:\/\/nicole-berthold.de\/wp-content\/uploads\/2023\/07\/NicoleBerthold_4-720x380.jpg\" class=\"attachment-blogus-medium size-blogus-medium wp-image-850\" alt=\"\" \/>\t\t\t\t\t\t\t\t\t\t\t\t\t\t\t<\/div>\n\t\t\t\t<\/div>\n\t\t\t\t<div class=\"elementor-element elementor-element-c942375 elementor-widget elementor-widget-text-editor\" data-id=\"c942375\" data-element_type=\"widget\" data-e-type=\"widget\" data-widget_type=\"text-editor.default\">\n\t\t\t\t<div class=\"elementor-widget-container\">\n\t\t\t\t\t\t\t\t\t<h6>P\u00e4dagogische Leitung<\/h6><p>seit 2012 Koordination der Kurse im Bereich Kinder und Jugend, VLF Sportverein e.V., Hamburg<\/p><p>2007 &#8211; 2012 Inhaberin der Tanzschule NH stage Hamburg:<br \/>Leitung und Ausbildung von Tanzp\u00e4dagogen, T\u00e4nzern und K\u00fcnstlern f\u00fcr schulinternen Unterricht<\/p><h6>Konzept &amp; Regie<\/h6><p>2014 Modeshow f\u00fcr Mode Vogl, &#8222;Wintermarkt&#8220;, Bahlingen a. K.\u00a0<\/p><p>2012\u00a0&#8222;Colorida&#8220; &#8211; Tanzshow, Sprechwerk Hamburg<\/p><p>2010\u00a0&#8222;Piraten, M\u00e4rchen &amp; Geschichten&#8220; &#8211; Kindershow, Fabrik, Hamburg<\/p><p>2009 &#8222;Tanzreise&#8220; &#8211;\u00a0Kindershow,\u00a0Zirkus Abrax Kadabrax, Hamburg<\/p><p>2008 &#8222;Verwandlungen&#8220; &#8211;\u00a0Kindershow, Zirkus Abrax Kadabrax, Hamburg<\/p><p>2007 &#8222;Gegens\u00e4tze&#8220; &#8211;\u00a0Kindershow, Kult, Hamburg\u00a0<\/p><p>2007\u00a0&#8222;Wintershow&#8220; &#8211; Kindershow, Gymnasium Hohenfelde, Hamburg<\/p><p>2007 &#8222;AIDA-UPPS&#8220; &#8211; G\u00e4steshow f\u00fcr AIDA Kreuzfahrtschiffe\u00a0<\/p><p>2006\u00a0&#8222;Dance TV&#8220; &#8211; Kindershow, Reinbek\u00a0<\/p><p>2005 &#8222;Lenas Traum&#8220; &#8211;\u00a0Kindershow, Begegnungsst\u00e4tte, Reinbek\u00a0<\/p><p>2004 &#8222;Halli Dingsdaa&#8220; &#8211; Kindershow, Begegnungsst\u00e4tte, Reinbek\u00a0<\/p><p>Konzeptentwicklung Kinderhotel &#8220; Traumgondel&#8220; in Zusammenarbeit mit dem FC St. Pauli e.V.\u00a0<\/p><p>2002 Abendshows Ferienclub &#8222;Robinson Nobilis&#8220;, Antalya, T\u00fcrkei<\/p><hr class=\"wp-block-separator has-alpha-channel-opacity is-style-dots\" \/><h6 class=\"wp-block-heading\">Lehrt\u00e4tigkeit<\/h6><p>Seit 2020 Tanzen f\u00fcr Kinder, Kenzingen<\/p><p>2010 &#8211; 2012 Stagecoaching im Bereich Kinder und Jugend, Hamburg<\/p><p>2007 &#8211; 2012 Tanzen f\u00fcr Kinder, VLF Sportverein e.V., Hamburg<\/p><p>2006 &#8211; 2012 Tanzen f\u00fcr Kinder, TV Reinbek e.V., Reinbek\u00a0<\/p><p>2008 &#8211; 2011 Tanzen f\u00fcr Kinder, ASV Bergedorf e.V., Hamburg<\/p><p>2003 &#8211; 2005 Erzieherin bei den Kinderg\u00e4rten Finkenau e.V., Hamburg<\/p><p>2000 &#8211; 2001 Tanzen f\u00fcr Kinder, Tanz-Sport-Club M\u00fcllheim e.V., M\u00fcllheim<\/p><p>1999 &#8211; 2001 Tanzen f\u00fcr Kinder, Studio Get Fit, Bahlingen a. K.Jazzdance f\u00fcr Jugendliche &amp; Erwachsene, TV K\u00f6ndringen e.V., Teningen-K\u00f6ndringen<\/p><p>1998 &#8211; 2001\u00a0Tanzen f\u00fcr Kinder &amp; Erwachsene, Dance Center Heidi Weber, Freiburg i. Br.\u00a0<\/p><h6>Ausbildung<\/h6><p class=\"wp-block-heading\">1996 &#8211; 1999\u00a0Ausbildung zur examinierten Sport- und Gymnastiklehrerin, SGKA Karlsruhe &#8211; Staatlich anerkanntes Berufskolleg<\/p>\t\t\t\t\t\t\t\t<\/div>\n\t\t\t\t<\/div>\n\t\t\t\t\t<\/div>\n\t\t<\/div>\n\t\t\t\t\t<\/div>\n\t\t<\/section>\n\t\t\t\t<\/div>\n\t\t","protected":false},"excerpt":{"rendered":"<p>P\u00e4dagogische Leitung seit 2012 Koordination der Kurse im Bereich Kinder und Jugend, VLF Sportverein e.V., Hamburg 2007 &#8211; 2012 Inhaberin der Tanzschule NH stage Hamburg:Leitung und Ausbildung von Tanzp\u00e4dagogen, T\u00e4nzern und K\u00fcnstlern f\u00fcr schulinternen Unterricht Konzept &amp; Regie 2014 Modeshow f\u00fcr Mode Vogl, &#8222;Wintermarkt&#8220;, Bahlingen a. K.\u00a0 2012\u00a0&#8222;Colorida&#8220; &#8211; Tanzshow, Sprechwerk Hamburg 2010\u00a0&#8222;Piraten, M\u00e4rchen &amp; [&hellip;]<\/p>\n","protected":false},"author":1,"featured_media":0,"parent":0,"menu_order":0,"comment_status":"closed","ping_status":"closed","template":"","meta":{"footnotes":""},"class_list":["post-832","page","type-page","status-publish","hentry"],"_links":{"self":[{"href":"https:\/\/nicole-berthold.de\/index.php?rest_route=\/wp\/v2\/pages\/832","targetHints":{"allow":["GET"]}}],"collection":[{"href":"https:\/\/nicole-berthold.de\/index.php?rest_route=\/wp\/v2\/pages"}],"about":[{"href":"https:\/\/nicole-berthold.de\/index.php?rest_route=\/wp\/v2\/types\/page"}],"author":[{"embeddable":true,"href":"https:\/\/nicole-berthold.de\/index.php?rest_route=\/wp\/v2\/users\/1"}],"replies":[{"embeddable":true,"href":"https:\/\/nicole-berthold.de\/index.php?rest_route=%2Fwp%2Fv2%2Fcomments&post=832"}],"version-history":[{"count":16,"href":"https:\/\/nicole-berthold.de\/index.php?rest_route=\/wp\/v2\/pages\/832\/revisions"}],"predecessor-version":[{"id":858,"href":"https:\/\/nicole-berthold.de\/index.php?rest_route=\/wp\/v2\/pages\/832\/revisions\/858"}],"wp:attachment":[{"href":"https:\/\/nicole-berthold.de\/index.php?rest_route=%2Fwp%2Fv2%2Fmedia&parent=832"}],"curies":[{"name":"wp","href":"https:\/\/api.w.org\/{rel}","templated":true}]}}