{"id":33,"date":"2023-07-07T09:30:57","date_gmt":"2023-07-07T09:30:57","guid":{"rendered":"http:\/\/s552281079.online.de\/?page_id=33"},"modified":"2026-04-07T10:34:27","modified_gmt":"2026-04-07T10:34:27","slug":"hom","status":"publish","type":"page","link":"https:\/\/nicole-berthold.de\/","title":{"rendered":"Home"},"content":{"rendered":"\t\t<div data-elementor-type=\"wp-page\" data-elementor-id=\"33\" class=\"elementor elementor-33\">\n\t\t\t\t\t\t<section class=\"elementor-section elementor-top-section elementor-element elementor-element-118278a elementor-section-boxed elementor-section-height-default elementor-section-height-default\" data-id=\"118278a\" data-element_type=\"section\" data-e-type=\"section\">\n\t\t\t\t\t\t<div class=\"elementor-container elementor-column-gap-default\">\n\t\t\t\t\t<div class=\"elementor-column elementor-col-100 elementor-top-column elementor-element elementor-element-993ad16\" data-id=\"993ad16\" data-element_type=\"column\" data-e-type=\"column\">\n\t\t\t<div class=\"elementor-widget-wrap elementor-element-populated\">\n\t\t\t\t\t\t<div class=\"elementor-element elementor-element-786733e elementor-widget elementor-widget-text-editor\" data-id=\"786733e\" data-element_type=\"widget\" data-e-type=\"widget\" data-widget_type=\"text-editor.default\">\n\t\t\t\t<div class=\"elementor-widget-container\">\n\t\t\t\t\t\t\t\t\t<h1 class=\"uk-h1 uk-text-left uk-scrollspy-inview uk-animation-slide-right\">Tanzen, das ist pure Lebensfreude!<\/h1>\t\t\t\t\t\t\t\t<\/div>\n\t\t\t\t<\/div>\n\t\t\t\t\t<\/div>\n\t\t<\/div>\n\t\t\t\t\t<\/div>\n\t\t<\/section>\n\t\t\t\t<section class=\"elementor-section elementor-top-section elementor-element elementor-element-6ab0584 elementor-section-boxed elementor-section-height-default elementor-section-height-default\" data-id=\"6ab0584\" data-element_type=\"section\" data-e-type=\"section\">\n\t\t\t\t\t\t<div class=\"elementor-container elementor-column-gap-default\">\n\t\t\t\t\t<div class=\"elementor-column elementor-col-100 elementor-top-column elementor-element elementor-element-8ee263d\" data-id=\"8ee263d\" data-element_type=\"column\" data-e-type=\"column\">\n\t\t\t<div class=\"elementor-widget-wrap elementor-element-populated\">\n\t\t\t\t\t\t<div class=\"elementor-element elementor-element-4183e6c elementor-widget elementor-widget-text-editor\" data-id=\"4183e6c\" data-element_type=\"widget\" data-e-type=\"widget\" data-widget_type=\"text-editor.default\">\n\t\t\t\t<div class=\"elementor-widget-container\">\n\t\t\t\t\t\t\t\t\t<p>Auf den folgenden Seiten erhalten Sie einen Einblick in meine Arbeit als Choreografin und P\u00e4dagogin. In 30 Jahren Berufserfahrung habe ich mich gezielt auf die Arbeit mit Kindern und Jugendlichen spezialisiert.<\/p>\n<p>Mein Unterricht in Kenzingen ist f\u00fcr Jungen und M\u00e4dchen im Alter von 5 bis 15 Jahren. In jedem 10er-Block gehe ich auf die Bed\u00fcrfnisse und W\u00fcnsche der teilnehmenden Kinder ein.<\/p>\n<p>Die Kurse starten j\u00e4hrlich im Januar, April\/Mai und September. Neue Sch\u00fcler:innen werden schnell in die Gruppe integriert. Am Ende des Kurses pr\u00e4sentieren wir das Erlernte gemeinsam unseren Familien.<\/p>\n<p>Wir tanzen in folgende Gruppen:<\/p>\n<p>Montags:<br \/><strong>Happy Flow<\/strong> 5 &amp; 6 Jahre 15 bis 15:45 Uhr<br \/><strong>Wild Motion<\/strong> 7 &amp; 8 Jahre 16 bis 16:50 Uhr<br \/><strong>Magic Waves<\/strong>\u00a0 8 &amp; 9 Jahre 17 bis 17:50 Uhr<\/p>\n<p>Donnerstags:<br \/><strong>Little Bounce<\/strong> 5 &amp; 6 Jahre 15 bis 15:45 Uhr<br \/><strong>Sunny Vibes<\/strong> 6 &amp; 7 Jahre 16 bis 16:45 Uhr<br \/><strong>Pure Energie<\/strong> 10 &#8211; 15 Jahre 17 bis 17:50 Uhr<\/p>\n<p>\u00a0<\/p>\t\t\t\t\t\t\t\t<\/div>\n\t\t\t\t<\/div>\n\t\t\t\t\t<\/div>\n\t\t<\/div>\n\t\t\t\t\t<\/div>\n\t\t<\/section>\n\t\t\t\t<section class=\"elementor-section elementor-top-section elementor-element elementor-element-6529102 elementor-section-boxed elementor-section-height-default elementor-section-height-default\" data-id=\"6529102\" data-element_type=\"section\" data-e-type=\"section\">\n\t\t\t\t\t\t<div class=\"elementor-container elementor-column-gap-default\">\n\t\t\t\t\t<div class=\"elementor-column elementor-col-100 elementor-top-column elementor-element elementor-element-01441fc\" data-id=\"01441fc\" data-element_type=\"column\" data-e-type=\"column\">\n\t\t\t<div class=\"elementor-widget-wrap elementor-element-populated\">\n\t\t\t\t\t\t<div class=\"elementor-element elementor-element-3daae39 elementor-invisible elementor-widget elementor-widget-text-editor\" data-id=\"3daae39\" data-element_type=\"widget\" data-e-type=\"widget\" data-settings=\"{&quot;_animation&quot;:&quot;slideInRight&quot;}\" data-widget_type=\"text-editor.default\">\n\t\t\t\t<div class=\"elementor-widget-container\">\n\t\t\t\t\t\t\t\t\t<h4><b>N\u00e4chster Start: 20.\/23. <\/b><b>April 2026<\/b><\/h4>\t\t\t\t\t\t\t\t<\/div>\n\t\t\t\t<\/div>\n\t\t\t\t\t<\/div>\n\t\t<\/div>\n\t\t\t\t\t<\/div>\n\t\t<\/section>\n\t\t\t\t<section class=\"elementor-section elementor-top-section elementor-element elementor-element-6228d45 elementor-section-boxed elementor-section-height-default elementor-section-height-default\" data-id=\"6228d45\" data-element_type=\"section\" data-e-type=\"section\">\n\t\t\t\t\t\t<div class=\"elementor-container elementor-column-gap-default\">\n\t\t\t\t\t<div class=\"elementor-column elementor-col-100 elementor-top-column elementor-element elementor-element-a9e0702\" data-id=\"a9e0702\" data-element_type=\"column\" data-e-type=\"column\">\n\t\t\t<div class=\"elementor-widget-wrap elementor-element-populated\">\n\t\t\t\t\t\t<div class=\"elementor-element elementor-element-4c60103 elementor-widget elementor-widget-text-editor\" data-id=\"4c60103\" data-element_type=\"widget\" data-e-type=\"widget\" data-widget_type=\"text-editor.default\">\n\t\t\t\t<div class=\"elementor-widget-container\">\n\t\t\t\t\t\t\t\t\t<p>Die Kurse finden im Festsaal des Kreisseniorenzentrums St. Maximilian Kolbe, Offenburger Str. 10 in 79341 Kenzingen statt. &nbsp;Parkpl\u00e4tze und auch der Eingang zum Festsaal ist \u00fcber die Bombacherstra\u00dfe erreichbar.<\/p>\t\t\t\t\t\t\t\t<\/div>\n\t\t\t\t<\/div>\n\t\t\t\t<div class=\"elementor-element elementor-element-4b8d390 elementor-widget elementor-widget-google_maps\" data-id=\"4b8d390\" data-element_type=\"widget\" data-e-type=\"widget\" data-widget_type=\"google_maps.default\">\n\t\t\t\t<div class=\"elementor-widget-container\">\n\t\t\t\t\t\t\t<div class=\"elementor-custom-embed\">\n\t\t\t<iframe loading=\"lazy\"\n\t\t\t\t\tsrc=\"https:\/\/maps.google.com\/maps?q=Kreisseniorenzentrum%20St.%20Maximilian%20Kolbe%2C%20Kenzingen&#038;t=m&#038;z=14&#038;output=embed&#038;iwloc=near\"\n\t\t\t\t\ttitle=\"Kreisseniorenzentrum St. Maximilian Kolbe, Kenzingen\"\n\t\t\t\t\taria-label=\"Kreisseniorenzentrum St. Maximilian Kolbe, Kenzingen\"\n\t\t\t><\/iframe>\n\t\t<\/div>\n\t\t\t\t\t\t<\/div>\n\t\t\t\t<\/div>\n\t\t\t\t\t<\/div>\n\t\t<\/div>\n\t\t\t\t\t<\/div>\n\t\t<\/section>\n\t\t\t\t<section class=\"elementor-section elementor-top-section elementor-element elementor-element-9d25af6 elementor-section-boxed elementor-section-height-default elementor-section-height-default\" data-id=\"9d25af6\" data-element_type=\"section\" data-e-type=\"section\">\n\t\t\t\t\t\t<div class=\"elementor-container elementor-column-gap-default\">\n\t\t\t\t\t<div class=\"elementor-column elementor-col-100 elementor-top-column elementor-element elementor-element-a6ed7b5\" data-id=\"a6ed7b5\" data-element_type=\"column\" data-e-type=\"column\">\n\t\t\t<div class=\"elementor-widget-wrap\">\n\t\t\t\t\t\t\t<\/div>\n\t\t<\/div>\n\t\t\t\t\t<\/div>\n\t\t<\/section>\n\t\t\t\t<\/div>\n\t\t","protected":false},"excerpt":{"rendered":"<p>Tanzen, das ist pure Lebensfreude! Auf den folgenden Seiten erhalten Sie einen Einblick in meine Arbeit als Choreografin und P\u00e4dagogin. In 30 Jahren Berufserfahrung habe ich mich gezielt auf die Arbeit mit Kindern und Jugendlichen spezialisiert. Mein Unterricht in Kenzingen ist f\u00fcr Jungen und M\u00e4dchen im Alter von 5 bis 15 Jahren. In jedem 10er-Block [&hellip;]<\/p>\n","protected":false},"author":1,"featured_media":0,"parent":0,"menu_order":0,"comment_status":"closed","ping_status":"closed","template":"elementor_theme","meta":{"footnotes":""},"class_list":["post-33","page","type-page","status-publish","hentry"],"_links":{"self":[{"href":"https:\/\/nicole-berthold.de\/index.php?rest_route=\/wp\/v2\/pages\/33","targetHints":{"allow":["GET"]}}],"collection":[{"href":"https:\/\/nicole-berthold.de\/index.php?rest_route=\/wp\/v2\/pages"}],"about":[{"href":"https:\/\/nicole-berthold.de\/index.php?rest_route=\/wp\/v2\/types\/page"}],"author":[{"embeddable":true,"href":"https:\/\/nicole-berthold.de\/index.php?rest_route=\/wp\/v2\/users\/1"}],"replies":[{"embeddable":true,"href":"https:\/\/nicole-berthold.de\/index.php?rest_route=%2Fwp%2Fv2%2Fcomments&post=33"}],"version-history":[{"count":193,"href":"https:\/\/nicole-berthold.de\/index.php?rest_route=\/wp\/v2\/pages\/33\/revisions"}],"predecessor-version":[{"id":2111,"href":"https:\/\/nicole-berthold.de\/index.php?rest_route=\/wp\/v2\/pages\/33\/revisions\/2111"}],"wp:attachment":[{"href":"https:\/\/nicole-berthold.de\/index.php?rest_route=%2Fwp%2Fv2%2Fmedia&parent=33"}],"curies":[{"name":"wp","href":"https:\/\/api.w.org\/{rel}","templated":true}]}}