{"id":230,"date":"2023-07-07T18:55:12","date_gmt":"2023-07-07T18:55:12","guid":{"rendered":"http:\/\/s552281079.online.de\/?page_id=230"},"modified":"2025-11-21T12:55:09","modified_gmt":"2025-11-21T12:55:09","slug":"kurs-anmeldeformular","status":"publish","type":"page","link":"https:\/\/nicole-berthold.de\/?page_id=230","title":{"rendered":"Anmeldeformular"},"content":{"rendered":"\t\t<div data-elementor-type=\"wp-page\" data-elementor-id=\"230\" class=\"elementor elementor-230\">\n\t\t\t\t\t\t<section class=\"elementor-section elementor-top-section elementor-element elementor-element-5cd3420 elementor-section-boxed elementor-section-height-default elementor-section-height-default\" data-id=\"5cd3420\" data-element_type=\"section\" data-e-type=\"section\">\n\t\t\t\t\t\t<div class=\"elementor-container elementor-column-gap-default\">\n\t\t\t\t\t<div class=\"elementor-column elementor-col-100 elementor-top-column elementor-element elementor-element-dd9f5d0\" data-id=\"dd9f5d0\" data-element_type=\"column\" data-e-type=\"column\">\n\t\t\t<div class=\"elementor-widget-wrap elementor-element-populated\">\n\t\t\t\t\t\t<div class=\"elementor-element elementor-element-67b6c3f elementor-align-right elementor-widget elementor-widget-button\" data-id=\"67b6c3f\" data-element_type=\"widget\" data-e-type=\"widget\" data-widget_type=\"button.default\">\n\t\t\t\t<div class=\"elementor-widget-container\">\n\t\t\t\t\t\t\t\t\t<div class=\"elementor-button-wrapper\">\n\t\t\t\t\t<a class=\"elementor-button elementor-button-link elementor-size-xs\" href=\"http:\/\/s552281079.online.de\/?page_id=1140\">\n\t\t\t\t\t\t<span class=\"elementor-button-content-wrapper\">\n\t\t\t\t\t\t\t\t\t<span class=\"elementor-button-text\">Hier gehts zu den AGB<\/span>\n\t\t\t\t\t<\/span>\n\t\t\t\t\t<\/a>\n\t\t\t\t<\/div>\n\t\t\t\t\t\t\t\t<\/div>\n\t\t\t\t<\/div>\n\t\t\t\t\t<\/div>\n\t\t<\/div>\n\t\t\t\t\t<\/div>\n\t\t<\/section>\n\t\t\t\t<section class=\"elementor-section elementor-top-section elementor-element elementor-element-6f6e126 elementor-section-boxed elementor-section-height-default elementor-section-height-default\" data-id=\"6f6e126\" data-element_type=\"section\" data-e-type=\"section\">\n\t\t\t\t\t\t<div class=\"elementor-container elementor-column-gap-default\">\n\t\t\t\t\t<div class=\"elementor-column elementor-col-100 elementor-top-column elementor-element elementor-element-300d2ae\" data-id=\"300d2ae\" data-element_type=\"column\" data-e-type=\"column\">\n\t\t\t<div class=\"elementor-widget-wrap elementor-element-populated\">\n\t\t\t\t\t\t<div class=\"elementor-element elementor-element-d90626d elementor-widget elementor-widget-wpforms\" data-id=\"d90626d\" data-element_type=\"widget\" data-e-type=\"widget\" data-widget_type=\"wpforms.default\">\n\t\t\t\t<div class=\"elementor-widget-container\">\n\t\t\t\t\t<div class=\"wpforms-container wpforms-container-full wpforms-render-modern\" id=\"wpforms-2024\"><form id=\"wpforms-form-2024\" class=\"wpforms-validate wpforms-form wpforms-ajax-form\" data-formid=\"2024\" method=\"post\" enctype=\"multipart\/form-data\" action=\"\/index.php?rest_route=%2Fwp%2Fv2%2Fpages%2F230\" data-token=\"cf5ead59a6cc61f4104852981242d34a\" data-token-time=\"1775927913\"><noscript class=\"wpforms-error-noscript\">Bitte aktiviere JavaScript in deinem Browser, um dieses Formular fertigzustellen.<\/noscript><div id=\"wpforms-error-noscript\" style=\"display: none;\">Bitte aktiviere JavaScript in deinem Browser, um dieses Formular fertigzustellen.<\/div><div class=\"wpforms-field-container\"><div id=\"wpforms-2024-field_0-container\" class=\"wpforms-field wpforms-field-name\" data-field-id=\"0\"><label class=\"wpforms-field-label\" for=\"wpforms-2024-field_0\">T\u00e4nzer*in <span class=\"wpforms-required-label\" aria-hidden=\"true\">*<\/span><\/label><input type=\"text\" id=\"wpforms-2024-field_0\" class=\"wpforms-field-medium wpforms-field-required\" name=\"wpforms[fields][0]\" aria-errormessage=\"wpforms-2024-field_0-error\" aria-describedby=\"wpforms-2024-field_0-description\" required><div id=\"wpforms-2024-field_0-description\" class=\"wpforms-field-description\">Nachname, Vorname<\/div><\/div><div id=\"wpforms-2024-field_19-container\" class=\"wpforms-field wpforms-field-text\" data-field-id=\"19\"><label class=\"wpforms-field-label\" for=\"wpforms-2024-field_19\">T\u00e4nzer*in Geburtsdatum <span class=\"wpforms-required-label\" aria-hidden=\"true\">*<\/span><\/label><input type=\"text\" id=\"wpforms-2024-field_19\" class=\"wpforms-field-medium wpforms-field-required\" name=\"wpforms[fields][19]\" placeholder=\"MM\/DD\/YYYY\" aria-errormessage=\"wpforms-2024-field_19-error\" required><\/div><div id=\"wpforms-2024-field_7-container\" class=\"wpforms-field wpforms-field-checkbox wpforms-list-2-columns\" data-field-id=\"7\"><fieldset><legend class=\"wpforms-field-label\">10er-Kurs (inklusive drei Samstage &amp; Show) <span class=\"wpforms-required-label\" aria-hidden=\"true\">*<\/span><\/legend><ul id=\"wpforms-2024-field_7\" class=\"wpforms-field-required\"><li class=\"choice-1 depth-1\"><input type=\"checkbox\" id=\"wpforms-2024-field_7_1\" name=\"wpforms[fields][7][]\" value=\"Minis 5 &amp; 6 J.  Montag 15:00 Uhr\" aria-errormessage=\"wpforms-2024-field_7_1-error\" required ><label class=\"wpforms-field-label-inline\" for=\"wpforms-2024-field_7_1\">Minis 5 &amp; 6 J.  Montag 15:00 Uhr<\/label><\/li><li class=\"choice-2 depth-1\"><input type=\"checkbox\" id=\"wpforms-2024-field_7_2\" name=\"wpforms[fields][7][]\" value=\"Minis 5 &amp; 6 J. Donnerstag 15:00 Uhr\" aria-errormessage=\"wpforms-2024-field_7_2-error\" required ><label class=\"wpforms-field-label-inline\" for=\"wpforms-2024-field_7_2\">Minis 5 &amp; 6 J. Donnerstag 15:00 Uhr<\/label><\/li><li class=\"choice-4 depth-1\"><input type=\"checkbox\" id=\"wpforms-2024-field_7_4\" name=\"wpforms[fields][7][]\" value=\"Kids 7 &amp; 8 J. Montag 16:00 Uhr\" aria-errormessage=\"wpforms-2024-field_7_4-error\" required ><label class=\"wpforms-field-label-inline\" for=\"wpforms-2024-field_7_4\">Kids 7 &amp; 8 J. Montag 16:00 Uhr<\/label><\/li><li class=\"choice-3 depth-1\"><input type=\"checkbox\" id=\"wpforms-2024-field_7_3\" name=\"wpforms[fields][7][]\" value=\"Kids 7 &amp; 8 J. Donnerstag 16:00 Uhr\" aria-errormessage=\"wpforms-2024-field_7_3-error\" required ><label class=\"wpforms-field-label-inline\" for=\"wpforms-2024-field_7_3\">Kids 7 &amp; 8 J. Donnerstag 16:00 Uhr<\/label><\/li><li class=\"choice-11 depth-1\"><input type=\"checkbox\" id=\"wpforms-2024-field_7_11\" name=\"wpforms[fields][7][]\" value=\"Teens 9 &amp; 10 J. Montag 17:00 Uhr\" aria-errormessage=\"wpforms-2024-field_7_11-error\" required ><label class=\"wpforms-field-label-inline\" for=\"wpforms-2024-field_7_11\">Teens 9 &amp; 10 J. Montag 17:00 Uhr<\/label><\/li><li class=\"choice-10 depth-1\"><input type=\"checkbox\" id=\"wpforms-2024-field_7_10\" name=\"wpforms[fields][7][]\" value=\"Crew 10 bis 15  J. Donnerstag 17:00 Uhr\" aria-errormessage=\"wpforms-2024-field_7_10-error\" required ><label class=\"wpforms-field-label-inline\" for=\"wpforms-2024-field_7_10\">Crew 10 bis 15  J. Donnerstag 17:00 Uhr<\/label><\/li><\/ul><\/fieldset><\/div><div id=\"wpforms-2024-field_55-container\" class=\"wpforms-field wpforms-field-checkbox\" data-field-id=\"55\"><fieldset><legend class=\"wpforms-field-label\">7er-Kurs <\/legend><ul id=\"wpforms-2024-field_55\"><li class=\"choice-1 depth-1\"><input type=\"checkbox\" id=\"wpforms-2024-field_55_1\" name=\"wpforms[fields][55][]\" value=\"Mein Kind kann nur an den Wochentagen und zur Show kommen\" aria-errormessage=\"wpforms-2024-field_55_1-error\" aria-describedby=\"wpforms-2024-field_55-description\"  ><label class=\"wpforms-field-label-inline\" for=\"wpforms-2024-field_55_1\">Mein Kind kann nur an den Wochentagen und zur Show kommen<\/label><\/li><\/ul><div id=\"wpforms-2024-field_55-description\" class=\"wpforms-field-description\">nur ankreuzen, wenn man nicht alle 10 Termine wahrnehmen kann<\/div><\/fieldset><\/div><div id=\"wpforms-2024-field_12-container\" class=\"wpforms-field wpforms-field-name\" data-field-id=\"12\"><label class=\"wpforms-field-label\" for=\"wpforms-2024-field_12\">Erziehungsberechtigte <span class=\"wpforms-required-label\" aria-hidden=\"true\">*<\/span><\/label><input type=\"text\" id=\"wpforms-2024-field_12\" class=\"wpforms-field-medium wpforms-field-required\" name=\"wpforms[fields][12]\" aria-errormessage=\"wpforms-2024-field_12-error\" aria-describedby=\"wpforms-2024-field_12-description\" required><div id=\"wpforms-2024-field_12-description\" class=\"wpforms-field-description\">Nachname, Vorname<\/div><\/div><div id=\"wpforms-2024-field_20-container\" class=\"wpforms-field wpforms-field-text\" data-field-id=\"20\"><label class=\"wpforms-field-label\" for=\"wpforms-2024-field_20\">Eltern Mobilnummer <span class=\"wpforms-required-label\" aria-hidden=\"true\">*<\/span><\/label><input type=\"text\" id=\"wpforms-2024-field_20\" class=\"wpforms-field-medium wpforms-field-required\" name=\"wpforms[fields][20]\" aria-errormessage=\"wpforms-2024-field_20-error\" required><\/div><div id=\"wpforms-2024-field_30-container\" class=\"wpforms-field wpforms-field-name\" data-field-id=\"30\"><label class=\"wpforms-field-label\" for=\"wpforms-2024-field_30\">Eltern Mailadresse <span class=\"wpforms-required-label\" aria-hidden=\"true\">*<\/span><\/label><input type=\"text\" id=\"wpforms-2024-field_30\" class=\"wpforms-field-small wpforms-field-required\" name=\"wpforms[fields][30]\" aria-errormessage=\"wpforms-2024-field_30-error\" aria-describedby=\"wpforms-2024-field_30-description\" required><div id=\"wpforms-2024-field_30-description\" class=\"wpforms-field-description\">Die E-Mail wird ausschlie\u00dflich f\u00fcr gruppeninterne Informationen, wie beispielsweise Ausf\u00e4lle, Ver\u00e4nderung der Termine oder n\u00e4chster Kursstart verwendet.<\/div><\/div><div id=\"wpforms-2024-field_59-container\" class=\"wpforms-field wpforms-field-checkbox wpforms-list-2-columns\" data-field-id=\"59\"><fieldset><legend class=\"wpforms-field-label\">WhatsApp Community<\/legend><ul id=\"wpforms-2024-field_59\" data-choice-limit=\"1\"><li class=\"choice-1 depth-1\"><input type=\"checkbox\" id=\"wpforms-2024-field_59_1\" data-rule-check-limit=\"true\" name=\"wpforms[fields][59][]\" value=\"Bitte der Community beif\u00fcgen\" aria-errormessage=\"wpforms-2024-field_59_1-error\"  ><label class=\"wpforms-field-label-inline\" for=\"wpforms-2024-field_59_1\">Bitte der Community beif\u00fcgen<\/label><\/li><li class=\"choice-2 depth-1\"><input type=\"checkbox\" id=\"wpforms-2024-field_59_2\" data-rule-check-limit=\"true\" name=\"wpforms[fields][59][]\" value=\"Kein WhatsApp vorhanden\" aria-errormessage=\"wpforms-2024-field_59_2-error\"  ><label class=\"wpforms-field-label-inline\" for=\"wpforms-2024-field_59_2\">Kein WhatsApp vorhanden<\/label><\/li><\/ul><\/fieldset><\/div><div id=\"wpforms-2024-field_1-container\" class=\"wpforms-field wpforms-field-email\" data-field-id=\"1\"><label class=\"wpforms-field-label\" for=\"wpforms-2024-field_1\">zus\u00e4tzliche Mailadresse<\/label><input type=\"email\" id=\"wpforms-2024-field_1\" class=\"wpforms-field-medium\" name=\"wpforms[fields][1]\" spellcheck=\"false\" aria-errormessage=\"wpforms-2024-field_1-error\" aria-describedby=\"wpforms-2024-field_1-description\" ><div id=\"wpforms-2024-field_1-description\" class=\"wpforms-field-description\">Gerne kann auch eine zweite Mail-Adresse pro Familie hinterlegt werden.<\/div><\/div><div id=\"wpforms-2024-field_46-container\" class=\"wpforms-field wpforms-field-checkbox\" data-field-id=\"46\"><fieldset><legend class=\"wpforms-field-label\">Heimweg<\/legend><ul id=\"wpforms-2024-field_46\"><li class=\"choice-1 depth-1\"><input type=\"checkbox\" id=\"wpforms-2024-field_46_1\" name=\"wpforms[fields][46][]\" value=\"mein Kind darf alleine nach Hause gehen\" aria-errormessage=\"wpforms-2024-field_46_1-error\"  ><label class=\"wpforms-field-label-inline\" for=\"wpforms-2024-field_46_1\">mein Kind darf alleine nach Hause gehen<\/label><\/li><\/ul><\/fieldset><\/div><div id=\"wpforms-2024-field_22-container\" class=\"wpforms-field wpforms-field-name\" data-field-id=\"22\"><label class=\"wpforms-field-label\" for=\"wpforms-2024-field_22\">Abholer*in<\/label><input type=\"text\" id=\"wpforms-2024-field_22\" class=\"wpforms-field-medium\" name=\"wpforms[fields][22]\" aria-errormessage=\"wpforms-2024-field_22-error\" aria-describedby=\"wpforms-2024-field_22-description\" ><div id=\"wpforms-2024-field_22-description\" class=\"wpforms-field-description\">Sollte regelm\u00e4\u00dfig von anderen Personen abgeholt werden, bitte Namen eintragen. Dies kann auch nachtr\u00e4glich jederzeit pers\u00f6nlich mitgeteilter werden. <\/div><\/div><div id=\"wpforms-2024-field_15-container\" class=\"wpforms-field wpforms-field-checkbox\" data-field-id=\"15\"><fieldset><legend class=\"wpforms-field-label\">Die Kursgeb\u00fchr 130 \u20ac (Geschwister 120\u20ac) \/\/ 7ner-Kurs 95 \u20ac <span class=\"wpforms-required-label\" aria-hidden=\"true\">*<\/span><\/legend><ul id=\"wpforms-2024-field_15\" class=\"wpforms-field-required\"><li class=\"choice-1 depth-1\"><input type=\"checkbox\" id=\"wpforms-2024-field_15_1\" name=\"wpforms[fields][15][]\" value=\"Ich habe die AGBs gelesen und m\u00f6chte mein Kind hiermit zum oben genannten Kurs anmelden.\" aria-errormessage=\"wpforms-2024-field_15_1-error\" aria-describedby=\"wpforms-2024-field_15-description\" required ><label class=\"wpforms-field-label-inline\" for=\"wpforms-2024-field_15_1\">Ich habe die AGBs gelesen und m\u00f6chte mein Kind hiermit zum oben genannten Kurs anmelden.<\/label><\/li><li class=\"choice-2 depth-1\"><input type=\"checkbox\" id=\"wpforms-2024-field_15_2\" name=\"wpforms[fields][15][]\" value=\"Ich habe zur Kenntnis genommen, dass die Anmeldung erst wirksam wird mit der Bezahlung der Kursgeb\u00fchr.\" aria-errormessage=\"wpforms-2024-field_15_2-error\" aria-describedby=\"wpforms-2024-field_15-description\" required ><label class=\"wpforms-field-label-inline\" for=\"wpforms-2024-field_15_2\">Ich habe zur Kenntnis genommen, dass die Anmeldung erst wirksam wird mit der Bezahlung der Kursgeb\u00fchr.<\/label><\/li><\/ul><div id=\"wpforms-2024-field_15-description\" class=\"wpforms-field-description wpforms-disclaimer-description\">Die Kontodaten sind in der Info-Mail zum Kursstart zu finden.<br \/>\n<\/div><\/fieldset><\/div><\/div><!-- .wpforms-field-container --><div class=\"wpforms-submit-container\" ><input type=\"hidden\" name=\"wpforms[id]\" value=\"2024\"><input type=\"hidden\" name=\"page_title\" value=\"\"><input type=\"hidden\" name=\"page_url\" value=\"https:\/\/nicole-berthold.de\/index.php?rest_route=\/wp\/v2\/pages\/230\"><input type=\"hidden\" name=\"url_referer\" value=\"\"><button type=\"submit\" name=\"wpforms[submit]\" id=\"wpforms-submit-2024\" class=\"wpforms-submit\" data-alt-text=\"Senden\u2026\" data-submit-text=\"verbindlich anmelden\" aria-live=\"assertive\" value=\"wpforms-submit\">verbindlich anmelden<\/button><img decoding=\"async\" src=\"https:\/\/nicole-berthold.de\/wp-content\/plugins\/wpforms-lite\/assets\/images\/submit-spin.svg\" class=\"wpforms-submit-spinner\" style=\"display: none;\" width=\"26\" height=\"26\" alt=\"Wird geladen\"><\/div><\/form><\/div>  <!-- .wpforms-container -->\t\t\t\t<\/div>\n\t\t\t\t<\/div>\n\t\t\t\t\t<\/div>\n\t\t<\/div>\n\t\t\t\t\t<\/div>\n\t\t<\/section>\n\t\t\t\t<\/div>\n\t\t","protected":false},"excerpt":{"rendered":"<p>Hier gehts zu den AGB Bitte aktiviere JavaScript in deinem Browser, um dieses Formular fertigzustellen.Bitte aktiviere JavaScript in deinem Browser, um dieses Formular fertigzustellen.T\u00e4nzer*in *Nachname, VornameT\u00e4nzer*in Geburtsdatum * 10er Kurs (inklusive drei Samstage &amp; Show) * Minis 5 J. Montag 15:00 Uhr Minis 5 J. Donnerstag 15:00 Uhr Kids 6 bis 8 J. Montag 16:00 [&hellip;]<\/p>\n","protected":false},"author":1,"featured_media":0,"parent":0,"menu_order":0,"comment_status":"closed","ping_status":"closed","template":"","meta":{"footnotes":""},"class_list":["post-230","page","type-page","status-publish","hentry"],"_links":{"self":[{"href":"https:\/\/nicole-berthold.de\/index.php?rest_route=\/wp\/v2\/pages\/230","targetHints":{"allow":["GET"]}}],"collection":[{"href":"https:\/\/nicole-berthold.de\/index.php?rest_route=\/wp\/v2\/pages"}],"about":[{"href":"https:\/\/nicole-berthold.de\/index.php?rest_route=\/wp\/v2\/types\/page"}],"author":[{"embeddable":true,"href":"https:\/\/nicole-berthold.de\/index.php?rest_route=\/wp\/v2\/users\/1"}],"replies":[{"embeddable":true,"href":"https:\/\/nicole-berthold.de\/index.php?rest_route=%2Fwp%2Fv2%2Fcomments&post=230"}],"version-history":[{"count":56,"href":"https:\/\/nicole-berthold.de\/index.php?rest_route=\/wp\/v2\/pages\/230\/revisions"}],"predecessor-version":[{"id":2056,"href":"https:\/\/nicole-berthold.de\/index.php?rest_route=\/wp\/v2\/pages\/230\/revisions\/2056"}],"wp:attachment":[{"href":"https:\/\/nicole-berthold.de\/index.php?rest_route=%2Fwp%2Fv2%2Fmedia&parent=230"}],"curies":[{"name":"wp","href":"https:\/\/api.w.org\/{rel}","templated":true}]}}