{"id":1140,"date":"2023-07-31T11:23:13","date_gmt":"2023-07-31T11:23:13","guid":{"rendered":"http:\/\/s552281079.online.de\/?page_id=1140"},"modified":"2024-03-11T09:18:07","modified_gmt":"2024-03-11T09:18:07","slug":"agbs-tanzen-fuer-kinder","status":"publish","type":"page","link":"https:\/\/nicole-berthold.de\/?page_id=1140","title":{"rendered":"AGB\u00b4s Tanzen f\u00fcr Kinder"},"content":{"rendered":"\t\t<div data-elementor-type=\"wp-page\" data-elementor-id=\"1140\" class=\"elementor elementor-1140\">\n\t\t\t\t\t\t<section class=\"elementor-section elementor-top-section elementor-element elementor-element-a21d18e elementor-section-boxed elementor-section-height-default elementor-section-height-default\" data-id=\"a21d18e\" data-element_type=\"section\" data-e-type=\"section\">\n\t\t\t\t\t\t<div class=\"elementor-container elementor-column-gap-default\">\n\t\t\t\t\t<div class=\"elementor-column elementor-col-100 elementor-top-column elementor-element elementor-element-335828a\" data-id=\"335828a\" data-element_type=\"column\" data-e-type=\"column\">\n\t\t\t<div class=\"elementor-widget-wrap elementor-element-populated\">\n\t\t\t\t\t\t<div class=\"elementor-element elementor-element-77768a7 elementor-widget elementor-widget-text-editor\" data-id=\"77768a7\" data-element_type=\"widget\" data-e-type=\"widget\" data-widget_type=\"text-editor.default\">\n\t\t\t\t<div class=\"elementor-widget-container\">\n\t\t\t\t\t\t\t\t\t<p><strong>\u00a7 1 Allgemeines<\/strong><\/p><p>diese allgemeinen Gesch\u00e4ftsbedingungen (AGB) gelten f\u00fcr die Teilnahme an allen von Nicole Berthold (Haftungseingeschr\u00e4nkt) angebotenen Kurse und Veranstaltungen, wie Auff\u00fchrungen und Feste.<br \/>Rechtsgesch\u00e4ftliche Erkl\u00e4rungen, insbesondere Anmeldung bed\u00fcrfen, soweit sich aus diesen AGB\u00b4s nichts Abweichendes ergibt, der Schriftform, wobei auch eine \u00dcbermittlung per E-Mail dieser Erfordernis gen\u00fcgt.<br \/>Jede\/r Teilnehmer\/in unterliegt der Hausordnung und hat den Anweisungen des Lehrpersonals Folge zu leisten.<br \/>Sachbesch\u00e4digungen in den Unterrichtsr\u00e4umen werden auf Kosten dessen behoben, der sie verschuldet hat.<\/p><p><strong>\u00a7 2 Anmeldungen<\/strong><\/p><p>1. die Anmeldung ist befristet und nur f\u00fcr den Zehnerblock verbindlich.<br \/>2. Bei Anmeldung minderj\u00e4hriger Teilnehmer ist die schriftliche Zustimmung des gesetzlichen Vertreters erforderlich.<\/p><p><strong>\u00a7 3 Unterrichtsgeb\u00fchr\/Kursbeitrag<\/strong>\u00a0<\/p><p>Der Kursbeitrag ist zu Beginn des Kurses per \u00dcberweisung zu t\u00e4tigen. Unterricht, der von Teilnehmern wegen Urlaub, Krankheit o. \u00e4. vers\u00e4umt wird, bedingt keinen Anspruch auf Stundengutschrift oder Geb\u00fchrenerstattung.<\/p><p><strong>\u00a7 4\u00a0Unterrichtsausfall<\/strong><br \/>Im Falle der Erkrankung der Lehrkraft oder sonstigen Unterrichtsausfall wird den Sch\u00fclern die M\u00f6glichkeit gegeben, diese Stunde in gesonderten Terminen nachzuholen. Anspruch auf Schadensersatz besteht nicht.<\/p><p><strong>\u00a7 5\u00a0Haftung\/Personen Sch\u00e4den<\/strong><\/p><p>1. F\u00fcr Verlust und Besch\u00e4digung von mitgebrachter Kleidung, Wertgegenst\u00e4nden und Geld wird nicht gehaftet.<\/p><p>2.die Aufsichtspflicht beschr\u00e4nkt sich auf den Unterricht im Unterrichtssaal zu den offiziellen Unterrichtszeiten, die Erziehungsberechtigten sind damit einverstanden, dass das Kind w\u00e4hrend des Unterrichts alleine auf die Toilette darf. Andernfalls sollte sich ein Erziehungsberechtigter im Vorraum aufhalten.<\/p><p>3.die Teilnahme am Unterricht erfolgt auf eigene Gefahr.<\/p><p><strong>\u00a7 6 Datenschutz<\/strong><\/p><p>1. Verantwortlich f\u00fcr die Verarbeitung von Daten ist Nicole Berthold (haftungsbeschr\u00e4nkt) die Daten werden erhoben, um sich f\u00fcr den Tanzunterricht bei Nicole Berthold anzumelden. Die erhobenen Daten sind im Rahmen der Teilnahme von rechtlicher und organisatorischer Relevanz. Personenbezogene Daten werden gel\u00f6scht, wenn der Zweck ihrer Speicherung erf\u00fcllt wurde. Ist ein L\u00f6schen unter der Ber\u00fccksichtigung der verf\u00fcgbaren Technologien nicht m\u00f6glich, so tritt anstelle der L\u00f6schung eine Sperrung zur weiteren Verarbeitung. Dar\u00fcber hinaus k\u00f6nnen sich Abweichungen durch gesetzliche, satzungsgem\u00e4\u00dfe oder vertragliche Aufbewahrungspflichten ergeben. Diese Aufbewahrungsfristen sind in \u00a7 147 Abgabeordnung oder \u00a7 257 Handelsgesetzbuch geregelt. Die zur Vertragserf\u00fcllung erhobenen Daten werden zehn Jahre gespeichert. In keinem Fall werden die erhobenen Daten verkauft oder an Dritte \u00fcbermittelt. Sie haben das Recht auf Auskunft \u00fcber die zu Ihrer Person gespeicherten Daten, deren Herkunft sowie den Zweck der Datenverarbeitung, auf Berichtigung, auf Einschr\u00e4nkung der Verarbeitung sowie Widerspruch gegen die Verarbeitung sowie auf Daten\u00fcbertragbarkeit. Dar\u00fcber hinaus besteht jederzeit das Beschwerderecht bei der jeweiligen zust\u00e4ndigen Landesbeh\u00f6rde f\u00fcr Datenschutzaufsicht. Wenn Sie der Verarbeitung durch Nicole Berthold eingewilligt haben, k\u00f6nnen Sie die Einwilligung jederzeit widerrufen. Die Rechtm\u00e4\u00dfigkeit der aufgrund der Einwilligung bis zum Widerruf erfolgten Datenverarbeitung wird durch diesen nicht ber\u00fchrt.<\/p><p><strong>\u00a7 7 Informationen: Rechte und Pflichten<\/strong><\/p><ol><li>alle Informationen, wie Ferientermine Veranstaltungen, \u00c4nderung der Trainingszeiten, \u00c4nderung der AGBs mit Einspruchsfristen, Preis\u00e4nderungen, Sonderkurse und so weiter, werden den Teilnehmern rechtzeitig mitgeteilt, eine gesonderte Briefnachricht ist nicht unbedingt erforderlich. Entnehmen Sie auch dem Internet www.nicole-berthold.de Infos.<\/li><\/ol><p><strong>\u00a7 8 Schlussbestimmungen<\/strong><\/p><ol><li>m\u00fcndliche Nebenabreden bestehen nicht. \u00c4nderungen und Erg\u00e4nzungen des Vertragsverh\u00e4ltnisses bed\u00fcrfen der Schriftform, sollten einzelne Bestimmungen dieses Vertrages unwirksam oder nicht durchf\u00fchrbar sein oder ver\u00e4ndert werden, l\u00e4sst dies die Wirksamkeit des gesamten Vertrages sowie die G\u00fcltigkeit der \u00fcbrigen Bestimmungen unber\u00fchrt.<\/li><\/ol>\t\t\t\t\t\t\t\t<\/div>\n\t\t\t\t<\/div>\n\t\t\t\t\t<\/div>\n\t\t<\/div>\n\t\t\t\t\t<\/div>\n\t\t<\/section>\n\t\t\t\t<\/div>\n\t\t","protected":false},"excerpt":{"rendered":"<p>\u00a7 1 Allgemeines diese allgemeinen Gesch\u00e4ftsbedingungen (AGB) gelten f\u00fcr die Teilnahme an allen von Nicole Berthold (Haftungseingeschr\u00e4nkt) angebotenen Kurse und Veranstaltungen, wie Auff\u00fchrungen und Feste.Rechtsgesch\u00e4ftliche Erkl\u00e4rungen, insbesondere Anmeldung bed\u00fcrfen, soweit sich aus diesen AGB\u00b4s nichts Abweichendes ergibt, der Schriftform, wobei auch eine \u00dcbermittlung per E-Mail dieser Erfordernis gen\u00fcgt.Jede\/r Teilnehmer\/in unterliegt der Hausordnung und hat den [&hellip;]<\/p>\n","protected":false},"author":1,"featured_media":0,"parent":0,"menu_order":0,"comment_status":"closed","ping_status":"closed","template":"","meta":{"footnotes":""},"class_list":["post-1140","page","type-page","status-publish","hentry"],"_links":{"self":[{"href":"https:\/\/nicole-berthold.de\/index.php?rest_route=\/wp\/v2\/pages\/1140","targetHints":{"allow":["GET"]}}],"collection":[{"href":"https:\/\/nicole-berthold.de\/index.php?rest_route=\/wp\/v2\/pages"}],"about":[{"href":"https:\/\/nicole-berthold.de\/index.php?rest_route=\/wp\/v2\/types\/page"}],"author":[{"embeddable":true,"href":"https:\/\/nicole-berthold.de\/index.php?rest_route=\/wp\/v2\/users\/1"}],"replies":[{"embeddable":true,"href":"https:\/\/nicole-berthold.de\/index.php?rest_route=%2Fwp%2Fv2%2Fcomments&post=1140"}],"version-history":[{"count":29,"href":"https:\/\/nicole-berthold.de\/index.php?rest_route=\/wp\/v2\/pages\/1140\/revisions"}],"predecessor-version":[{"id":1784,"href":"https:\/\/nicole-berthold.de\/index.php?rest_route=\/wp\/v2\/pages\/1140\/revisions\/1784"}],"wp:attachment":[{"href":"https:\/\/nicole-berthold.de\/index.php?rest_route=%2Fwp%2Fv2%2Fmedia&parent=1140"}],"curies":[{"name":"wp","href":"https:\/\/api.w.org\/{rel}","templated":true}]}}